{"id":8923,"date":"2025-06-26T02:48:58","date_gmt":"2025-06-26T08:48:58","guid":{"rendered":"https:\/\/www.fc-asesores.mx\/?page_id=8923"},"modified":"2025-06-26T03:06:36","modified_gmt":"2025-06-26T09:06:36","slug":"administracion-de-nomina","status":"publish","type":"page","link":"https:\/\/www.fc-asesores.mx\/?page_id=8923","title":{"rendered":"Administraci\u00f3n de\u00a0N\u00f3mina"},"content":{"rendered":"\t\t<div data-elementor-type=\"wp-page\" data-elementor-id=\"8923\" class=\"elementor elementor-8923\">\n\t\t\t\t        <section class=\"elementor-section elementor-top-section elementor-element elementor-element-a2e20f5 elementor-section-full_width elementor-section-content-middle elementor-section-height-default elementor-section-height-default ct-header-fixed-none pxl-divider-none\" data-id=\"a2e20f5\" data-element_type=\"section\" data-settings=\"{&quot;background_background&quot;:&quot;classic&quot;}\">\n            \n                        <div class=\"elementor-container elementor-column-gap-default \">\n                    <div class=\"elementor-column elementor-col-100 elementor-top-column elementor-element elementor-element-9f9132b\" data-id=\"9f9132b\" data-element_type=\"column\">\n        <div class=\"elementor-widget-wrap elementor-element-populated\">\n                    \n        \t\t<div class=\"elementor-element elementor-element-1aa73c4 elementor-widget elementor-widget-heading\" data-id=\"1aa73c4\" data-element_type=\"widget\" data-widget_type=\"heading.default\">\n\t\t\t\t<div class=\"elementor-widget-container\">\n\t\t\t<style>\/*! elementor - v3.21.0 - 08-05-2024 *\/\n.elementor-heading-title{padding:0;margin:0;line-height:1}.elementor-widget-heading .elementor-heading-title[class*=elementor-size-]>a{color:inherit;font-size:inherit;line-height:inherit}.elementor-widget-heading .elementor-heading-title.elementor-size-small{font-size:15px}.elementor-widget-heading .elementor-heading-title.elementor-size-medium{font-size:19px}.elementor-widget-heading .elementor-heading-title.elementor-size-large{font-size:29px}.elementor-widget-heading .elementor-heading-title.elementor-size-xl{font-size:39px}.elementor-widget-heading .elementor-heading-title.elementor-size-xxl{font-size:59px}<\/style><h1 class=\"elementor-heading-title elementor-size-default\">Administraci\u00f3n de\u00a0N\u00f3mina<\/h1>\t\t<\/div>\n\t\t\t\t<\/div>\n\t\t            <\/div>\n        <\/div>\n                    <\/div>\n        <\/section>\n                <section class=\"elementor-section elementor-top-section elementor-element elementor-element-c3a43b6 elementor-section-stretched elementor-section-boxed elementor-section-height-default elementor-section-height-default ct-header-fixed-none pxl-divider-none\" data-id=\"c3a43b6\" data-element_type=\"section\" data-settings=\"{&quot;stretch_section&quot;:&quot;section-stretched&quot;}\">\n            \n                        <div class=\"elementor-container elementor-column-gap-default \">\n                    <div class=\"elementor-column elementor-col-100 elementor-top-column elementor-element elementor-element-2a87f82\" data-id=\"2a87f82\" data-element_type=\"column\">\n        <div class=\"elementor-widget-wrap elementor-element-populated\">\n                    \n        \t\t<div class=\"elementor-element elementor-element-8fcf3ac elementor-widget elementor-widget-spacer\" data-id=\"8fcf3ac\" data-element_type=\"widget\" data-widget_type=\"spacer.default\">\n\t\t\t\t<div class=\"elementor-widget-container\">\n\t\t\t<style>\/*! elementor - v3.21.0 - 08-05-2024 *\/\n.elementor-column .elementor-spacer-inner{height:var(--spacer-size)}.e-con{--container-widget-width:100%}.e-con-inner>.elementor-widget-spacer,.e-con>.elementor-widget-spacer{width:var(--container-widget-width,var(--spacer-size));--align-self:var(--container-widget-align-self,initial);--flex-shrink:0}.e-con-inner>.elementor-widget-spacer>.elementor-widget-container,.e-con>.elementor-widget-spacer>.elementor-widget-container{height:100%;width:100%}.e-con-inner>.elementor-widget-spacer>.elementor-widget-container>.elementor-spacer,.e-con>.elementor-widget-spacer>.elementor-widget-container>.elementor-spacer{height:100%}.e-con-inner>.elementor-widget-spacer>.elementor-widget-container>.elementor-spacer>.elementor-spacer-inner,.e-con>.elementor-widget-spacer>.elementor-widget-container>.elementor-spacer>.elementor-spacer-inner{height:var(--container-widget-height,var(--spacer-size))}.e-con-inner>.elementor-widget-spacer.elementor-widget-empty,.e-con>.elementor-widget-spacer.elementor-widget-empty{position:relative;min-height:22px;min-width:22px}.e-con-inner>.elementor-widget-spacer.elementor-widget-empty .elementor-widget-empty-icon,.e-con>.elementor-widget-spacer.elementor-widget-empty .elementor-widget-empty-icon{position:absolute;top:0;bottom:0;left:0;right:0;margin:auto;padding:0;width:22px;height:22px}<\/style>\t\t<div class=\"elementor-spacer\">\n\t\t\t<div class=\"elementor-spacer-inner\"><\/div>\n\t\t<\/div>\n\t\t\t\t<\/div>\n\t\t\t\t<\/div>\n\t\t            <\/div>\n        <\/div>\n                    <\/div>\n        <\/section>\n                <section class=\"elementor-section elementor-top-section elementor-element elementor-element-b4176f7 elementor-section-stretched elementor-section-boxed elementor-section-height-default elementor-section-height-default ct-header-fixed-none pxl-divider-none\" data-id=\"b4176f7\" data-element_type=\"section\" data-settings=\"{&quot;stretch_section&quot;:&quot;section-stretched&quot;}\">\n            \n                        <div class=\"elementor-container elementor-column-gap-default \">\n                    <div class=\"elementor-column elementor-col-16 elementor-top-column elementor-element elementor-element-02869e6\" data-id=\"02869e6\" data-element_type=\"column\">\n        <div class=\"elementor-widget-wrap\">\n                    \n                    <\/div>\n        <\/div>\n                <div class=\"elementor-column elementor-col-66 elementor-top-column elementor-element elementor-element-84e1546\" data-id=\"84e1546\" data-element_type=\"column\">\n        <div class=\"elementor-widget-wrap elementor-element-populated\">\n                    \n        \t\t<div class=\"elementor-element elementor-element-8a350a1 elementor-widget elementor-widget-ct_text_editor\" data-id=\"8a350a1\" data-element_type=\"widget\" data-widget_type=\"ct_text_editor.default\">\n\t\t\t\t<div class=\"elementor-widget-container\">\n\t\t\t<div id=\"ct_text_editor-8a350a1\" class=\"ct-text-editor \" data-wow-delay=\"ms\">\n\t<div class=\"ct-item--inner\">\n\t\t<div class=\"ct-inline-css\"  data-css=\"\n\t        \t\t\t\">\n\n\t    <\/div>\n\t\t<div class=\"ct-text-editor elementor-clearfix\">\n\t\t\tProcesamiento y \u00a0c\u00e1lculo de las n\u00f3minas regulares y especiales\u00a0de tu empresa, en funci\u00f3n de las incidencias, reportes, pagos, descuentos, prestaciones de ley y adicionales, de manera\u00a0oportuna, clara y confiable, teniendo la\u00a0absoluta seguridad\u00a0administrativa y jur\u00eddica, a trav\u00e9s de un proceso integral.\t\t\n\t\t<\/div>\n\t<\/div>\n<\/div>\t\t<\/div>\n\t\t\t\t<\/div>\n\t\t            <\/div>\n        <\/div>\n                <div class=\"elementor-column elementor-col-16 elementor-top-column elementor-element elementor-element-3285087\" data-id=\"3285087\" data-element_type=\"column\">\n        <div class=\"elementor-widget-wrap\">\n                    \n                    <\/div>\n        <\/div>\n                    <\/div>\n        <\/section>\n                <section class=\"elementor-section elementor-top-section elementor-element elementor-element-1328354 elementor-section-stretched elementor-reverse-mobile elementor-section-boxed elementor-section-height-default elementor-section-height-default ct-header-fixed-none pxl-divider-none\" data-id=\"1328354\" data-element_type=\"section\" data-settings=\"{&quot;background_background&quot;:&quot;classic&quot;,&quot;stretch_section&quot;:&quot;section-stretched&quot;}\">\n            \n                        <div class=\"elementor-container elementor-column-gap-default \">\n                    <div class=\"elementor-column elementor-col-50 elementor-top-column elementor-element elementor-element-e2d8a46\" data-id=\"e2d8a46\" data-element_type=\"column\">\n        <div class=\"elementor-widget-wrap elementor-element-populated\">\n                    \n        \t\t<div class=\"elementor-element elementor-element-ae2ab1f elementor-widget elementor-widget-ct_image\" data-id=\"ae2ab1f\" data-element_type=\"widget\" data-widget_type=\"ct_image.default\">\n\t\t\t\t<div class=\"elementor-widget-container\">\n\t\t\t<div class=\"ct-image-single ct-no-effect  \">\r\n                        <img fetchpriority=\"high\" decoding=\"async\" width=\"880\" height=\"680\" src=\"https:\/\/www.fc-asesores.mx\/wp-content\/uploads\/2025\/06\/administracion-nomina-1.jpg\" class=\"attachment-full\" alt=\"\" \/>            <\/div>\t\t<\/div>\n\t\t\t\t<\/div>\n\t\t            <\/div>\n        <\/div>\n                <div class=\"elementor-column elementor-col-50 elementor-top-column elementor-element elementor-element-36b6297\" data-id=\"36b6297\" data-element_type=\"column\">\n        <div class=\"elementor-widget-wrap elementor-element-populated\">\n                    \n        \t\t<div class=\"elementor-element elementor-element-65d0cda elementor-widget elementor-widget-spacer\" data-id=\"65d0cda\" data-element_type=\"widget\" data-widget_type=\"spacer.default\">\n\t\t\t\t<div class=\"elementor-widget-container\">\n\t\t\t\t\t<div class=\"elementor-spacer\">\n\t\t\t<div class=\"elementor-spacer-inner\"><\/div>\n\t\t<\/div>\n\t\t\t\t<\/div>\n\t\t\t\t<\/div>\n\t\t\t\t<div class=\"elementor-element elementor-element-fe140b5 elementor-widget elementor-widget-ct_list\" data-id=\"fe140b5\" data-element_type=\"widget\" data-widget_type=\"ct_list.default\">\n\t\t\t\t<div class=\"elementor-widget-container\">\n\t\t\t    <div class=\"ct-list\">\r\n                    <div class=\"ct-list-item \" data-wow-delay=\"ms\">\r\n                                    <div class=\"ct-list-icon\">\r\n                        <i aria-hidden=\"true\" class=\"fas fa-check\"><\/i>                    <\/div>\r\n                            \t<div class=\"ct-list-content\">\r\n\t            \tAsignaci\u00f3n de tarjetas bancarias.\t            <\/div>\r\n           <\/div>\r\n                    <div class=\"ct-list-item \" data-wow-delay=\"ms\">\r\n                                    <div class=\"ct-list-icon\">\r\n                        <i aria-hidden=\"true\" class=\"fas fa-check\"><\/i>                    <\/div>\r\n                            \t<div class=\"ct-list-content\">\r\n\t            \tFirma de contrato de los empleados.\t            <\/div>\r\n           <\/div>\r\n                    <div class=\"ct-list-item \" data-wow-delay=\"ms\">\r\n                                    <div class=\"ct-list-icon\">\r\n                        <i aria-hidden=\"true\" class=\"fas fa-check\"><\/i>                    <\/div>\r\n                            \t<div class=\"ct-list-content\">\r\n\t            \tAdministraci\u00f3n y archivos de expedientes.\t            <\/div>\r\n           <\/div>\r\n                    <div class=\"ct-list-item \" data-wow-delay=\"ms\">\r\n                                    <div class=\"ct-list-icon\">\r\n                        <i aria-hidden=\"true\" class=\"fas fa-check\"><\/i>                    <\/div>\r\n                            \t<div class=\"ct-list-content\">\r\n\t            \tElaboraci\u00f3n y c\u00e1lculo de percepciones.\t            <\/div>\r\n           <\/div>\r\n                    <div class=\"ct-list-item \" data-wow-delay=\"ms\">\r\n                                    <div class=\"ct-list-icon\">\r\n                        <i aria-hidden=\"true\" class=\"fas fa-check\"><\/i>                    <\/div>\r\n                            \t<div class=\"ct-list-content\">\r\n\t            \tDispersi\u00f3n y env\u00edo de comprobantes-recibos fiscales (recibos timbrados).\t            <\/div>\r\n           <\/div>\r\n                    <div class=\"ct-list-item \" data-wow-delay=\"ms\">\r\n                                    <div class=\"ct-list-icon\">\r\n                        <i aria-hidden=\"true\" class=\"fas fa-check\"><\/i>                    <\/div>\r\n                            \t<div class=\"ct-list-content\">\r\n\t            \tRegistro de altas, bajas, incapacidades y movimientos de sueldo ante el IMSS.\t            <\/div>\r\n           <\/div>\r\n            <\/div>\r\n\t\t<\/div>\n\t\t\t\t<\/div>\n\t\t\t\t<div class=\"elementor-element elementor-element-240f9dd elementor-widget elementor-widget-spacer\" data-id=\"240f9dd\" data-element_type=\"widget\" data-widget_type=\"spacer.default\">\n\t\t\t\t<div class=\"elementor-widget-container\">\n\t\t\t\t\t<div class=\"elementor-spacer\">\n\t\t\t<div class=\"elementor-spacer-inner\"><\/div>\n\t\t<\/div>\n\t\t\t\t<\/div>\n\t\t\t\t<\/div>\n\t\t            <\/div>\n        <\/div>\n                    <\/div>\n        <\/section>\n                <section class=\"elementor-section elementor-top-section elementor-element elementor-element-a8aff9d elementor-section-stretched elementor-reverse-mobile elementor-section-boxed elementor-section-height-default elementor-section-height-default ct-header-fixed-none pxl-divider-none\" data-id=\"a8aff9d\" data-element_type=\"section\" data-settings=\"{&quot;background_background&quot;:&quot;classic&quot;,&quot;stretch_section&quot;:&quot;section-stretched&quot;}\">\n            \n                        <div class=\"elementor-container elementor-column-gap-default \">\n                    <div class=\"elementor-column elementor-col-50 elementor-top-column elementor-element elementor-element-ac8d62b\" data-id=\"ac8d62b\" data-element_type=\"column\">\n        <div class=\"elementor-widget-wrap elementor-element-populated\">\n                    \n        \t\t<div class=\"elementor-element elementor-element-2973929 elementor-widget elementor-widget-spacer\" data-id=\"2973929\" data-element_type=\"widget\" data-widget_type=\"spacer.default\">\n\t\t\t\t<div class=\"elementor-widget-container\">\n\t\t\t\t\t<div class=\"elementor-spacer\">\n\t\t\t<div class=\"elementor-spacer-inner\"><\/div>\n\t\t<\/div>\n\t\t\t\t<\/div>\n\t\t\t\t<\/div>\n\t\t\t\t<div class=\"elementor-element elementor-element-22f0074 elementor-widget elementor-widget-ct_list\" data-id=\"22f0074\" data-element_type=\"widget\" data-widget_type=\"ct_list.default\">\n\t\t\t\t<div class=\"elementor-widget-container\">\n\t\t\t    <div class=\"ct-list\">\r\n                    <div class=\"ct-list-item \" data-wow-delay=\"ms\">\r\n                                    <div class=\"ct-list-icon\">\r\n                        <i aria-hidden=\"true\" class=\"fas fa-check\"><\/i>                    <\/div>\r\n                            \t<div class=\"ct-list-content\">\r\n\t            \tDispersi\u00f3n y env\u00edo de comprobantes-recibos fiscales (recibos timbrados).\t            <\/div>\r\n           <\/div>\r\n                    <div class=\"ct-list-item \" data-wow-delay=\"ms\">\r\n                                    <div class=\"ct-list-icon\">\r\n                        <i aria-hidden=\"true\" class=\"fas fa-check\"><\/i>                    <\/div>\r\n                            \t<div class=\"ct-list-content\">\r\n\t            \tC\u00e1lculo de salario diario integrado, aguinaldo, PTU.\t            <\/div>\r\n           <\/div>\r\n                    <div class=\"ct-list-item \" data-wow-delay=\"ms\">\r\n                                    <div class=\"ct-list-icon\">\r\n                        <i aria-hidden=\"true\" class=\"fas fa-check\"><\/i>                    <\/div>\r\n                            \t<div class=\"ct-list-content\">\r\n\t            \tAsesor\u00eda para el tr\u00e1mite de fondos de ahorro y pensiones.\t            <\/div>\r\n           <\/div>\r\n                    <div class=\"ct-list-item \" data-wow-delay=\"ms\">\r\n                                    <div class=\"ct-list-icon\">\r\n                        <i aria-hidden=\"true\" class=\"fas fa-check\"><\/i>                    <\/div>\r\n                            \t<div class=\"ct-list-content\">\r\n\t            \tC\u00e1lculo de finiquitos y liquidaciones.\t            <\/div>\r\n           <\/div>\r\n                    <div class=\"ct-list-item \" data-wow-delay=\"ms\">\r\n                                    <div class=\"ct-list-icon\">\r\n                        <i aria-hidden=\"true\" class=\"fas fa-check\"><\/i>                    <\/div>\r\n                            \t<div class=\"ct-list-content\">\r\n\t            \tC\u00e1lculo y pago de las cuotas obrero patronales ante el IMSS, INFONAVIT, SAT, as\u00ed como el pago de impuestos estatales sobre n\u00f3mina.\t            <\/div>\r\n           <\/div>\r\n                    <div class=\"ct-list-item \" data-wow-delay=\"ms\">\r\n                                    <div class=\"ct-list-icon\">\r\n                        <i aria-hidden=\"true\" class=\"fas fa-check\"><\/i>                    <\/div>\r\n                            \t<div class=\"ct-list-content\">\r\n\t            \tAdelanto de n\u00f3mina para colaboradores, con\u00a0tasas preferenciales\u00a0y con formas de\u00a0pago\u00a0c\u00f3modas y\u00a0sencillas (sofom).\t            <\/div>\r\n           <\/div>\r\n            <\/div>\r\n\t\t<\/div>\n\t\t\t\t<\/div>\n\t\t\t\t<div class=\"elementor-element elementor-element-50008cb elementor-widget elementor-widget-spacer\" data-id=\"50008cb\" data-element_type=\"widget\" data-widget_type=\"spacer.default\">\n\t\t\t\t<div class=\"elementor-widget-container\">\n\t\t\t\t\t<div class=\"elementor-spacer\">\n\t\t\t<div class=\"elementor-spacer-inner\"><\/div>\n\t\t<\/div>\n\t\t\t\t<\/div>\n\t\t\t\t<\/div>\n\t\t            <\/div>\n        <\/div>\n                <div class=\"elementor-column elementor-col-50 elementor-top-column elementor-element elementor-element-38522af\" data-id=\"38522af\" data-element_type=\"column\">\n        <div class=\"elementor-widget-wrap elementor-element-populated\">\n                    \n        \t\t<div class=\"elementor-element elementor-element-cf86acb elementor-widget elementor-widget-ct_image\" data-id=\"cf86acb\" data-element_type=\"widget\" data-widget_type=\"ct_image.default\">\n\t\t\t\t<div class=\"elementor-widget-container\">\n\t\t\t<div class=\"ct-image-single ct-no-effect  \">\r\n                        <img decoding=\"async\" width=\"880\" height=\"680\" src=\"https:\/\/www.fc-asesores.mx\/wp-content\/uploads\/2025\/06\/administracion-nomina-2.jpg\" class=\"attachment-full\" alt=\"\" \/>            <\/div>\t\t<\/div>\n\t\t\t\t<\/div>\n\t\t            <\/div>\n        <\/div>\n                    <\/div>\n        <\/section>\n                <section class=\"elementor-section elementor-top-section elementor-element elementor-element-ee0bde0 elementor-section-stretched elementor-section-boxed elementor-section-height-default elementor-section-height-default ct-header-fixed-none pxl-divider-none\" data-id=\"ee0bde0\" data-element_type=\"section\" data-settings=\"{&quot;stretch_section&quot;:&quot;section-stretched&quot;}\">\n            \n                        <div class=\"elementor-container elementor-column-gap-default \">\n                    <div class=\"elementor-column elementor-col-100 elementor-top-column elementor-element elementor-element-1f9eece\" data-id=\"1f9eece\" data-element_type=\"column\">\n        <div class=\"elementor-widget-wrap elementor-element-populated\">\n                    \n        \t\t<div class=\"elementor-element elementor-element-b3875c8 elementor-widget elementor-widget-spacer\" data-id=\"b3875c8\" data-element_type=\"widget\" data-widget_type=\"spacer.default\">\n\t\t\t\t<div class=\"elementor-widget-container\">\n\t\t\t\t\t<div class=\"elementor-spacer\">\n\t\t\t<div class=\"elementor-spacer-inner\"><\/div>\n\t\t<\/div>\n\t\t\t\t<\/div>\n\t\t\t\t<\/div>\n\t\t            <\/div>\n        <\/div>\n                    <\/div>\n        <\/section>\n        \t\t<\/div>\n\t\t","protected":false},"excerpt":{"rendered":"<p>Administraci\u00f3n de\u00a0N\u00f3mina Procesamiento y \u00a0c\u00e1lculo de las n\u00f3minas regulares y especiales\u00a0de tu empresa, en funci\u00f3n de las incidencias, reportes, pagos, descuentos, prestaciones de ley y adicionales, de manera\u00a0oportuna, clara y confiable, teniendo la\u00a0absoluta seguridad\u00a0administrativa y jur\u00eddica, a trav\u00e9s de un proceso integral. Asignaci\u00f3n de tarjetas bancarias. Firma de contrato de los empleados. Administraci\u00f3n y archivos [&hellip;]<\/p>\n","protected":false},"author":2,"featured_media":0,"parent":0,"menu_order":0,"comment_status":"closed","ping_status":"closed","template":"elementor_header_footer","meta":{"footnotes":""},"class_list":["post-8923","page","type-page","status-publish","hentry"],"_links":{"self":[{"href":"https:\/\/www.fc-asesores.mx\/index.php?rest_route=\/wp\/v2\/pages\/8923","targetHints":{"allow":["GET"]}}],"collection":[{"href":"https:\/\/www.fc-asesores.mx\/index.php?rest_route=\/wp\/v2\/pages"}],"about":[{"href":"https:\/\/www.fc-asesores.mx\/index.php?rest_route=\/wp\/v2\/types\/page"}],"author":[{"embeddable":true,"href":"https:\/\/www.fc-asesores.mx\/index.php?rest_route=\/wp\/v2\/users\/2"}],"replies":[{"embeddable":true,"href":"https:\/\/www.fc-asesores.mx\/index.php?rest_route=%2Fwp%2Fv2%2Fcomments&post=8923"}],"version-history":[{"count":10,"href":"https:\/\/www.fc-asesores.mx\/index.php?rest_route=\/wp\/v2\/pages\/8923\/revisions"}],"predecessor-version":[{"id":8936,"href":"https:\/\/www.fc-asesores.mx\/index.php?rest_route=\/wp\/v2\/pages\/8923\/revisions\/8936"}],"wp:attachment":[{"href":"https:\/\/www.fc-asesores.mx\/index.php?rest_route=%2Fwp%2Fv2%2Fmedia&parent=8923"}],"curies":[{"name":"wp","href":"https:\/\/api.w.org\/{rel}","templated":true}]}}